{"id":759,"date":"2020-05-17T17:23:31","date_gmt":"2020-05-17T15:23:31","guid":{"rendered":"https:\/?page_id=759"},"modified":"2023-12-13T22:10:23","modified_gmt":"2023-12-13T21:10:23","slug":"suite-du-palmier","status":"publish","type":"page","link":"https:\/\/domainedelablonnerie.fr\/fr\/home\/suite-du-palmier\/","title":{"rendered":"Suite du Palmier"},"content":{"rendered":"\t\t<div data-elementor-type=\"wp-page\" data-elementor-id=\"759\" class=\"elementor elementor-759\">\n\t\t\t\t\t\t<section class=\"elementor-section elementor-top-section elementor-element elementor-element-53afe65 elementor-section-boxed elementor-section-height-default elementor-section-height-default\" data-id=\"53afe65\" data-element_type=\"section\" data-e-type=\"section\">\n\t\t\t\t\t\t<div class=\"elementor-container elementor-column-gap-default\">\n\t\t\t\t\t<div class=\"elementor-column elementor-col-50 elementor-top-column elementor-element elementor-element-79ed32f\" data-id=\"79ed32f\" data-element_type=\"column\" data-e-type=\"column\">\n\t\t\t<div class=\"elementor-widget-wrap elementor-element-populated\">\n\t\t\t\t\t\t<div class=\"elementor-element elementor-element-fafe63a elementor-arrows-position-inside elementor-pagination-position-outside elementor-widget elementor-widget-image-carousel\" data-id=\"fafe63a\" data-element_type=\"widget\" data-e-type=\"widget\" data-settings=\"{&quot;slides_to_show&quot;:&quot;1&quot;,&quot;navigation&quot;:&quot;both&quot;,&quot;autoplay&quot;:&quot;yes&quot;,&quot;pause_on_hover&quot;:&quot;yes&quot;,&quot;pause_on_interaction&quot;:&quot;yes&quot;,&quot;autoplay_speed&quot;:5000,&quot;infinite&quot;:&quot;yes&quot;,&quot;effect&quot;:&quot;slide&quot;,&quot;speed&quot;:500}\" data-widget_type=\"image-carousel.default\">\n\t\t\t\t<div class=\"elementor-widget-container\">\n\t\t\t\t\t\t\t<div class=\"elementor-image-carousel-wrapper swiper\" role=\"region\" aria-roledescription=\"carousel\" aria-label=\"Image Carousel\" dir=\"ltr\">\n\t\t\t<div class=\"elementor-image-carousel swiper-wrapper\" aria-live=\"off\">\n\t\t\t\t\t\t\t\t<div class=\"swiper-slide\" role=\"group\" aria-roledescription=\"slide\" aria-label=\"1 of 5\"><figure class=\"swiper-slide-inner\"><img decoding=\"async\" class=\"swiper-slide-image\" src=\"https:\/\/domainedelablonnerie.fr\/wp-content\/uploads\/2020\/05\/Domaine-de-la-Blonnerie-Suite-du-Palmier-1-SD.webp\" alt=\"Domaine de la Blonnerie Suite du Palmier 1 SD\" \/><\/figure><\/div><div class=\"swiper-slide\" role=\"group\" aria-roledescription=\"slide\" aria-label=\"2 of 5\"><figure class=\"swiper-slide-inner\"><img decoding=\"async\" class=\"swiper-slide-image\" src=\"https:\/\/domainedelablonnerie.fr\/wp-content\/uploads\/2023\/12\/Domaine-de-la-Blonnerie-Suite-du-Palmier-2-SD.webp\" alt=\"Domaine de la Blonnerie Suite du Palmier 2 SD\" \/><\/figure><\/div><div class=\"swiper-slide\" role=\"group\" aria-roledescription=\"slide\" aria-label=\"3 of 5\"><figure class=\"swiper-slide-inner\"><img decoding=\"async\" class=\"swiper-slide-image\" src=\"https:\/\/domainedelablonnerie.fr\/wp-content\/uploads\/2023\/12\/Domaine-de-la-Blonnerie-Suite-du-Palmier-3-SD.webp\" alt=\"Domaine de la Blonnerie Suite du Palmier 3 SD\" \/><\/figure><\/div><div class=\"swiper-slide\" role=\"group\" aria-roledescription=\"slide\" aria-label=\"4 of 5\"><figure class=\"swiper-slide-inner\"><img decoding=\"async\" class=\"swiper-slide-image\" src=\"https:\/\/domainedelablonnerie.fr\/wp-content\/uploads\/2023\/12\/Domaine-de-la-Blonnerie-Suite-du-Palmier-4.webp\" alt=\"Domaine de la Blonnerie Suite du Palmier 4\" \/><\/figure><\/div><div class=\"swiper-slide\" role=\"group\" aria-roledescription=\"slide\" aria-label=\"5 of 5\"><figure class=\"swiper-slide-inner\"><img decoding=\"async\" class=\"swiper-slide-image\" src=\"https:\/\/domainedelablonnerie.fr\/wp-content\/uploads\/2023\/12\/Domaine-de-la-Blonnerie-Suite-du-Palmier-5-SD.webp\" alt=\"Domaine de la Blonnerie Suite du Palmier 5 SD\" \/><\/figure><\/div>\t\t\t<\/div>\n\t\t\t\t\t\t\t\t\t\t\t\t<div class=\"elementor-swiper-button elementor-swiper-button-prev\" role=\"button\" tabindex=\"0\">\n\t\t\t\t\t\t<i aria-hidden=\"true\" class=\"eicon-chevron-left\"><\/i>\t\t\t\t\t<\/div>\n\t\t\t\t\t<div class=\"elementor-swiper-button elementor-swiper-button-next\" role=\"button\" tabindex=\"0\">\n\t\t\t\t\t\t<i aria-hidden=\"true\" class=\"eicon-chevron-right\"><\/i>\t\t\t\t\t<\/div>\n\t\t\t\t\n\t\t\t\t\t\t\t\t\t<div class=\"swiper-pagination\"><\/div>\n\t\t\t\t\t\t\t\t\t<\/div>\n\t\t\t\t\t\t<\/div>\n\t\t\t\t<\/div>\n\t\t\t\t\t<\/div>\n\t\t<\/div>\n\t\t\t\t<div class=\"elementor-column elementor-col-50 elementor-top-column elementor-element elementor-element-9829a63\" data-id=\"9829a63\" data-element_type=\"column\" data-e-type=\"column\">\n\t\t\t<div class=\"elementor-widget-wrap elementor-element-populated\">\n\t\t\t\t\t\t<div class=\"elementor-element elementor-element-c02e329 elementor-widget elementor-widget-text-editor\" data-id=\"c02e329\" data-element_type=\"widget\" data-e-type=\"widget\" data-widget_type=\"text-editor.default\">\n\t\t\t\t<div class=\"elementor-widget-container\">\n\t\t\t\t\t\t\t\t\t<p>Dans la Suite du Palmier de 41 m\u00b2, vous aurez une magnifique vue sur le parc et la piscine.<\/p>\t\t\t\t\t\t\t\t<\/div>\n\t\t\t\t<\/div>\n\t\t\t\t<div class=\"elementor-element elementor-element-ca63a25 elementor-icon-list--layout-traditional elementor-list-item-link-full_width elementor-widget elementor-widget-icon-list\" data-id=\"ca63a25\" data-element_type=\"widget\" data-e-type=\"widget\" data-widget_type=\"icon-list.default\">\n\t\t\t\t<div class=\"elementor-widget-container\">\n\t\t\t\t\t\t\t<ul class=\"elementor-icon-list-items\">\n\t\t\t\t\t\t\t<li class=\"elementor-icon-list-item\">\n\t\t\t\t\t\t\t\t\t\t\t<span class=\"elementor-icon-list-icon\">\n\t\t\t\t\t\t\t<i aria-hidden=\"true\" class=\"fas fa-bed\"><\/i>\t\t\t\t\t\t<\/span>\n\t\t\t\t\t\t\t\t\t\t<span class=\"elementor-icon-list-text\">Lit King Size (180x200cm ou 2x90x200cm).<\/span>\n\t\t\t\t\t\t\t\t\t<\/li>\n\t\t\t\t\t\t\t\t<li class=\"elementor-icon-list-item\">\n\t\t\t\t\t\t\t\t\t\t\t<span class=\"elementor-icon-list-icon\">\n\t\t\t\t\t\t\t<i aria-hidden=\"true\" class=\"fas fa-briefcase\"><\/i>\t\t\t\t\t\t<\/span>\n\t\t\t\t\t\t\t\t\t\t<span class=\"elementor-icon-list-text\">Evier double, baignoire, tr\u00e8s grande douche \u00e0 l'italienne, WC s\u00e9par\u00e9, s\u00e8che cheveux,  grand salon, bureau, plateau de courtoisie (expresso, th\u00e9), bureau<\/span>\n\t\t\t\t\t\t\t\t\t<\/li>\n\t\t\t\t\t\t\t\t<li class=\"elementor-icon-list-item\">\n\t\t\t\t\t\t\t\t\t\t\t<span class=\"elementor-icon-list-icon\">\n\t\t\t\t\t\t\t<i aria-hidden=\"true\" class=\"fas fa-bath\"><\/i>\t\t\t\t\t\t<\/span>\n\t\t\t\t\t\t\t\t\t\t<span class=\"elementor-icon-list-text\">Sortie de bain, serviette piscine<\/span>\n\t\t\t\t\t\t\t\t\t<\/li>\n\t\t\t\t\t\t\t\t<li class=\"elementor-icon-list-item\">\n\t\t\t\t\t\t\t\t\t\t\t<span class=\"elementor-icon-list-icon\">\n\t\t\t\t\t\t\t<i aria-hidden=\"true\" class=\"fas fa-tv\"><\/i>\t\t\t\t\t\t<\/span>\n\t\t\t\t\t\t\t\t\t\t<span class=\"elementor-icon-list-text\">T\u00e9l\u00e9vision \u00e9cran plat<\/span>\n\t\t\t\t\t\t\t\t\t<\/li>\n\t\t\t\t\t\t\t\t<li class=\"elementor-icon-list-item\">\n\t\t\t\t\t\t\t\t\t\t\t<span class=\"elementor-icon-list-icon\">\n\t\t\t\t\t\t\t<i aria-hidden=\"true\" class=\"fas fa-fan\"><\/i>\t\t\t\t\t\t<\/span>\n\t\t\t\t\t\t\t\t\t\t<span class=\"elementor-icon-list-text\">Air conditionn\u00e9<\/span>\n\t\t\t\t\t\t\t\t\t<\/li>\n\t\t\t\t\t\t\t\t<li class=\"elementor-icon-list-item\">\n\t\t\t\t\t\t\t\t\t\t\t<span class=\"elementor-icon-list-icon\">\n\t\t\t\t\t\t\t<i aria-hidden=\"true\" class=\"fas fa-wifi\"><\/i>\t\t\t\t\t\t<\/span>\n\t\t\t\t\t\t\t\t\t\t<span class=\"elementor-icon-list-text\">Wifi gratuit<\/span>\n\t\t\t\t\t\t\t\t\t<\/li>\n\t\t\t\t\t\t<\/ul>\n\t\t\t\t\t\t<\/div>\n\t\t\t\t<\/div>\n\t\t\t\t<div class=\"elementor-element elementor-element-7e26bb8 elementor-icon-list--layout-traditional elementor-list-item-link-full_width elementor-widget elementor-widget-icon-list\" data-id=\"7e26bb8\" data-element_type=\"widget\" data-e-type=\"widget\" data-widget_type=\"icon-list.default\">\n\t\t\t\t<div class=\"elementor-widget-container\">\n\t\t\t\t\t\t\t<ul class=\"elementor-icon-list-items\">\n\t\t\t\t\t\t\t<li class=\"elementor-icon-list-item\">\n\t\t\t\t\t\t\t\t\t\t\t<span class=\"elementor-icon-list-icon\">\n\t\t\t\t\t\t\t<i aria-hidden=\"true\" class=\"fas fa-utensils\"><\/i>\t\t\t\t\t\t<\/span>\n\t\t\t\t\t\t\t\t\t\t<span class=\"elementor-icon-list-text\">Petit d\u00e9jeuner offert<\/span>\n\t\t\t\t\t\t\t\t\t<\/li>\n\t\t\t\t\t\t<\/ul>\n\t\t\t\t\t\t<\/div>\n\t\t\t\t<\/div>\n\t\t\t\t<div class=\"elementor-element elementor-element-742adec elementor-align-right elementor-widget elementor-widget-button\" data-id=\"742adec\" data-element_type=\"widget\" data-e-type=\"widget\" data-widget_type=\"button.default\">\n\t\t\t\t<div class=\"elementor-widget-container\">\n\t\t\t\t\t\t\t\t\t<div class=\"elementor-button-wrapper\">\n\t\t\t\t\t<a class=\"elementor-button elementor-button-link elementor-size-sm\" href=\"https:\/\/manava.abricode.fr\/rest\/iframe_resa_grp.php?code_ext=y7fxRBAZ1s0O06d0v&#038;secure_key=f3071e44c9d20f4bf87116de6067c6d0\" target=\"_blank\">\n\t\t\t\t\t\t<span class=\"elementor-button-content-wrapper\">\n\t\t\t\t\t\t\t\t\t<span class=\"elementor-button-text\">R\u00e9server cette chambre<\/span>\n\t\t\t\t\t<\/span>\n\t\t\t\t\t<\/a>\n\t\t\t\t<\/div>\n\t\t\t\t\t\t\t\t<\/div>\n\t\t\t\t<\/div>\n\t\t\t\t\t<\/div>\n\t\t<\/div>\n\t\t\t\t\t<\/div>\n\t\t<\/section>\n\t\t\t\t<section class=\"elementor-section elementor-top-section elementor-element elementor-element-976bced elementor-section-boxed elementor-section-height-default elementor-section-height-default\" data-id=\"976bced\" data-element_type=\"section\" data-e-type=\"section\">\n\t\t\t\t\t\t<div class=\"elementor-container elementor-column-gap-default\">\n\t\t\t\t\t<div class=\"elementor-column elementor-col-100 elementor-top-column elementor-element elementor-element-b4de6c3\" data-id=\"b4de6c3\" data-element_type=\"column\" data-e-type=\"column\">\n\t\t\t<div class=\"elementor-widget-wrap elementor-element-populated\">\n\t\t\t\t\t\t<div class=\"elementor-element elementor-element-1903327 elementor-align-left elementor-widget elementor-widget-button\" data-id=\"1903327\" data-element_type=\"widget\" data-e-type=\"widget\" data-widget_type=\"button.default\">\n\t\t\t\t<div class=\"elementor-widget-container\">\n\t\t\t\t\t\t\t\t\t<div class=\"elementor-button-wrapper\">\n\t\t\t\t\t<a class=\"elementor-button elementor-button-link elementor-size-xs\" href=\"\/home#les-chambres\">\n\t\t\t\t\t\t<span class=\"elementor-button-content-wrapper\">\n\t\t\t\t\t\t\t\t\t<span class=\"elementor-button-text\">Voir toutes les chambres<\/span>\n\t\t\t\t\t<\/span>\n\t\t\t\t\t<\/a>\n\t\t\t\t<\/div>\n\t\t\t\t\t\t\t\t<\/div>\n\t\t\t\t<\/div>\n\t\t\t\t\t<\/div>\n\t\t<\/div>\n\t\t\t\t\t<\/div>\n\t\t<\/section>\n\t\t\t\t<\/div>\n\t\t","protected":false},"excerpt":{"rendered":"<p>Dans la Suite du Palmier de 41 m\u00b2, vous aurez une magnifique vue sur le parc et la piscine. Lit King Size [&hellip;]<\/p>\n","protected":false},"author":3,"featured_media":0,"parent":583,"menu_order":0,"comment_status":"closed","ping_status":"closed","template":"page-templates\/page_fullwidth.php","meta":{"footnotes":""},"class_list":["post-759","page","type-page","status-publish","hentry"],"yoast_head":"<!-- This site is optimized with the Yoast SEO plugin v27.4 - https:\/\/yoast.com\/product\/yoast-seo-wordpress\/ -->\n<title>Suite du Palmier - Domaine de la Blonnerie<\/title>\n<meta name=\"description\" content=\"La Blonnerie vous pr\u00e9sente la Suite du Palmier : vue sur parc et piscine, \u00e9quipements luxueux, petit d\u00e9jeuner offert... D\u00e9couvrez-la !\" \/>\n<meta name=\"robots\" content=\"index, follow, max-snippet:-1, max-image-preview:large, max-video-preview:-1\" \/>\n<link rel=\"canonical\" href=\"https:\/\/domainedelablonnerie.fr\/fr\/home\/suite-du-palmier\/\" \/>\n<meta property=\"og:locale\" content=\"fr_FR\" \/>\n<meta property=\"og:type\" content=\"article\" \/>\n<meta property=\"og:title\" content=\"Suite du Palmier - Domaine de la Blonnerie\" \/>\n<meta property=\"og:description\" content=\"La Blonnerie vous pr\u00e9sente la Suite du Palmier : vue sur parc et piscine, \u00e9quipements luxueux, petit d\u00e9jeuner offert... D\u00e9couvrez-la !\" \/>\n<meta property=\"og:url\" content=\"https:\/\/domainedelablonnerie.fr\/fr\/home\/suite-du-palmier\/\" \/>\n<meta property=\"og:site_name\" content=\"Domaine de la Blonnerie\" \/>\n<meta property=\"article:publisher\" content=\"https:\/\/www.facebook.com\/Le-Domaine-de-la-Blonnerie-106144094657096\" \/>\n<meta property=\"article:modified_time\" content=\"2023-12-13T21:10:23+00:00\" \/>\n<meta property=\"og:image\" content=\"https:\/\/domainedelablonnerie.fr\/wp-content\/uploads\/2020\/05\/Domaine-de-la-Blonnerie-Suite-du-Palmier-1-SD.webp\" \/>\n<meta name=\"twitter:card\" content=\"summary_large_image\" \/>\n<meta name=\"twitter:label1\" content=\"Dur\u00e9e de lecture estim\u00e9e\" \/>\n\t<meta name=\"twitter:data1\" content=\"2 minutes\" \/>\n<script type=\"application\/ld+json\" class=\"yoast-schema-graph\">{\"@context\":\"https:\\\/\\\/schema.org\",\"@graph\":[{\"@type\":\"WebPage\",\"@id\":\"https:\\\/\\\/domainedelablonnerie.fr\\\/home\\\/suite-du-palmier\\\/\",\"url\":\"https:\\\/\\\/domainedelablonnerie.fr\\\/home\\\/suite-du-palmier\\\/\",\"name\":\"Suite du Palmier - Domaine de la Blonnerie\",\"isPartOf\":{\"@id\":\"https:\\\/\\\/domainedelablonnerie.fr\\\/fr\\\/#website\"},\"primaryImageOfPage\":{\"@id\":\"https:\\\/\\\/domainedelablonnerie.fr\\\/home\\\/suite-du-palmier\\\/#primaryimage\"},\"image\":{\"@id\":\"https:\\\/\\\/domainedelablonnerie.fr\\\/home\\\/suite-du-palmier\\\/#primaryimage\"},\"thumbnailUrl\":\"https:\\\/\\\/domainedelablonnerie.fr\\\/wp-content\\\/uploads\\\/2020\\\/05\\\/Domaine-de-la-Blonnerie-Suite-du-Palmier-1-SD.webp\",\"datePublished\":\"2020-05-17T15:23:31+00:00\",\"dateModified\":\"2023-12-13T21:10:23+00:00\",\"description\":\"La Blonnerie vous pr\u00e9sente la Suite du Palmier : vue sur parc et piscine, \u00e9quipements luxueux, petit d\u00e9jeuner offert... D\u00e9couvrez-la !\",\"breadcrumb\":{\"@id\":\"https:\\\/\\\/domainedelablonnerie.fr\\\/home\\\/suite-du-palmier\\\/#breadcrumb\"},\"inLanguage\":\"fr-FR\",\"potentialAction\":[{\"@type\":\"ReadAction\",\"target\":[\"https:\\\/\\\/domainedelablonnerie.fr\\\/home\\\/suite-du-palmier\\\/\"]}]},{\"@type\":\"ImageObject\",\"inLanguage\":\"fr-FR\",\"@id\":\"https:\\\/\\\/domainedelablonnerie.fr\\\/home\\\/suite-du-palmier\\\/#primaryimage\",\"url\":\"https:\\\/\\\/domainedelablonnerie.fr\\\/wp-content\\\/uploads\\\/2020\\\/05\\\/Domaine-de-la-Blonnerie-Suite-du-Palmier-1-SD.webp\",\"contentUrl\":\"https:\\\/\\\/domainedelablonnerie.fr\\\/wp-content\\\/uploads\\\/2020\\\/05\\\/Domaine-de-la-Blonnerie-Suite-du-Palmier-1-SD.webp\"},{\"@type\":\"BreadcrumbList\",\"@id\":\"https:\\\/\\\/domainedelablonnerie.fr\\\/home\\\/suite-du-palmier\\\/#breadcrumb\",\"itemListElement\":[{\"@type\":\"ListItem\",\"position\":1,\"name\":\"Accueil\",\"item\":\"https:\\\/\\\/domainedelablonnerie.fr\\\/fr\\\/\"},{\"@type\":\"ListItem\",\"position\":2,\"name\":\"Accueil\",\"item\":\"https:\\\/\\\/domainedelablonnerie.fr\\\/fr\\\/\"},{\"@type\":\"ListItem\",\"position\":3,\"name\":\"Suite du Palmier\"}]},{\"@type\":\"WebSite\",\"@id\":\"https:\\\/\\\/domainedelablonnerie.fr\\\/fr\\\/#website\",\"url\":\"https:\\\/\\\/domainedelablonnerie.fr\\\/fr\\\/\",\"name\":\"Domaine de la Blonnerie\",\"description\":\"\",\"potentialAction\":[{\"@type\":\"SearchAction\",\"target\":{\"@type\":\"EntryPoint\",\"urlTemplate\":\"https:\\\/\\\/domainedelablonnerie.fr\\\/fr\\\/?s={search_term_string}\"},\"query-input\":{\"@type\":\"PropertyValueSpecification\",\"valueRequired\":true,\"valueName\":\"search_term_string\"}}],\"inLanguage\":\"fr-FR\"}]}<\/script>\n<!-- \/ Yoast SEO plugin. -->","yoast_head_json":{"title":"Suite du Palmier - Domaine de la Blonnerie","description":"La Blonnerie vous pr\u00e9sente la Suite du Palmier : vue sur parc et piscine, \u00e9quipements luxueux, petit d\u00e9jeuner offert... D\u00e9couvrez-la !","robots":{"index":"index","follow":"follow","max-snippet":"max-snippet:-1","max-image-preview":"max-image-preview:large","max-video-preview":"max-video-preview:-1"},"canonical":"https:\/\/domainedelablonnerie.fr\/fr\/home\/suite-du-palmier\/","og_locale":"fr_FR","og_type":"article","og_title":"Suite du Palmier - Domaine de la Blonnerie","og_description":"La Blonnerie vous pr\u00e9sente la Suite du Palmier : vue sur parc et piscine, \u00e9quipements luxueux, petit d\u00e9jeuner offert... D\u00e9couvrez-la !","og_url":"https:\/\/domainedelablonnerie.fr\/fr\/home\/suite-du-palmier\/","og_site_name":"Domaine de la Blonnerie","article_publisher":"https:\/\/www.facebook.com\/Le-Domaine-de-la-Blonnerie-106144094657096","article_modified_time":"2023-12-13T21:10:23+00:00","og_image":[{"url":"https:\/\/domainedelablonnerie.fr\/wp-content\/uploads\/2020\/05\/Domaine-de-la-Blonnerie-Suite-du-Palmier-1-SD.webp","type":"","width":"","height":""}],"twitter_card":"summary_large_image","twitter_misc":{"Dur\u00e9e de lecture estim\u00e9e":"2 minutes"},"schema":{"@context":"https:\/\/schema.org","@graph":[{"@type":"WebPage","@id":"https:\/\/domainedelablonnerie.fr\/home\/suite-du-palmier\/","url":"https:\/\/domainedelablonnerie.fr\/home\/suite-du-palmier\/","name":"Suite du Palmier - Domaine de la Blonnerie","isPartOf":{"@id":"https:\/\/domainedelablonnerie.fr\/fr\/#website"},"primaryImageOfPage":{"@id":"https:\/\/domainedelablonnerie.fr\/home\/suite-du-palmier\/#primaryimage"},"image":{"@id":"https:\/\/domainedelablonnerie.fr\/home\/suite-du-palmier\/#primaryimage"},"thumbnailUrl":"https:\/\/domainedelablonnerie.fr\/wp-content\/uploads\/2020\/05\/Domaine-de-la-Blonnerie-Suite-du-Palmier-1-SD.webp","datePublished":"2020-05-17T15:23:31+00:00","dateModified":"2023-12-13T21:10:23+00:00","description":"La Blonnerie vous pr\u00e9sente la Suite du Palmier : vue sur parc et piscine, \u00e9quipements luxueux, petit d\u00e9jeuner offert... D\u00e9couvrez-la !","breadcrumb":{"@id":"https:\/\/domainedelablonnerie.fr\/home\/suite-du-palmier\/#breadcrumb"},"inLanguage":"fr-FR","potentialAction":[{"@type":"ReadAction","target":["https:\/\/domainedelablonnerie.fr\/home\/suite-du-palmier\/"]}]},{"@type":"ImageObject","inLanguage":"fr-FR","@id":"https:\/\/domainedelablonnerie.fr\/home\/suite-du-palmier\/#primaryimage","url":"https:\/\/domainedelablonnerie.fr\/wp-content\/uploads\/2020\/05\/Domaine-de-la-Blonnerie-Suite-du-Palmier-1-SD.webp","contentUrl":"https:\/\/domainedelablonnerie.fr\/wp-content\/uploads\/2020\/05\/Domaine-de-la-Blonnerie-Suite-du-Palmier-1-SD.webp"},{"@type":"BreadcrumbList","@id":"https:\/\/domainedelablonnerie.fr\/home\/suite-du-palmier\/#breadcrumb","itemListElement":[{"@type":"ListItem","position":1,"name":"Accueil","item":"https:\/\/domainedelablonnerie.fr\/fr\/"},{"@type":"ListItem","position":2,"name":"Accueil","item":"https:\/\/domainedelablonnerie.fr\/fr\/"},{"@type":"ListItem","position":3,"name":"Suite du Palmier"}]},{"@type":"WebSite","@id":"https:\/\/domainedelablonnerie.fr\/fr\/#website","url":"https:\/\/domainedelablonnerie.fr\/fr\/","name":"Domaine de la Blonnerie","description":"","potentialAction":[{"@type":"SearchAction","target":{"@type":"EntryPoint","urlTemplate":"https:\/\/domainedelablonnerie.fr\/fr\/?s={search_term_string}"},"query-input":{"@type":"PropertyValueSpecification","valueRequired":true,"valueName":"search_term_string"}}],"inLanguage":"fr-FR"}]}},"_links":{"self":[{"href":"https:\/\/domainedelablonnerie.fr\/fr\/wp-json\/wp\/v2\/pages\/759","targetHints":{"allow":["GET"]}}],"collection":[{"href":"https:\/\/domainedelablonnerie.fr\/fr\/wp-json\/wp\/v2\/pages"}],"about":[{"href":"https:\/\/domainedelablonnerie.fr\/fr\/wp-json\/wp\/v2\/types\/page"}],"author":[{"embeddable":true,"href":"https:\/\/domainedelablonnerie.fr\/fr\/wp-json\/wp\/v2\/users\/3"}],"replies":[{"embeddable":true,"href":"https:\/\/domainedelablonnerie.fr\/fr\/wp-json\/wp\/v2\/comments?post=759"}],"version-history":[{"count":42,"href":"https:\/\/domainedelablonnerie.fr\/fr\/wp-json\/wp\/v2\/pages\/759\/revisions"}],"predecessor-version":[{"id":2466,"href":"https:\/\/domainedelablonnerie.fr\/fr\/wp-json\/wp\/v2\/pages\/759\/revisions\/2466"}],"up":[{"embeddable":true,"href":"https:\/\/domainedelablonnerie.fr\/fr\/wp-json\/wp\/v2\/pages\/583"}],"wp:attachment":[{"href":"https:\/\/domainedelablonnerie.fr\/fr\/wp-json\/wp\/v2\/media?parent=759"}],"curies":[{"name":"wp","href":"https:\/\/api.w.org\/{rel}","templated":true}]}}